{"id":556,"date":"2024-05-02T12:36:52","date_gmt":"2024-05-02T10:36:52","guid":{"rendered":"https:\/\/dojosaintgermanais.fr\/?page_id=556"},"modified":"2025-04-29T21:05:49","modified_gmt":"2025-04-29T19:05:49","slug":"qui-sommes-nous","status":"publish","type":"page","link":"https:\/\/dojosaintgermanais.fr\/index.php\/qui-sommes-nous\/","title":{"rendered":"Qui sommes- nous ?"},"content":{"rendered":"\t\t<div data-elementor-type=\"wp-page\" data-elementor-id=\"556\" class=\"elementor elementor-556\">\n\t\t\t\t<div class=\"elementor-element elementor-element-b17a387 e-flex e-con-boxed e-con e-parent\" data-id=\"b17a387\" data-element_type=\"container\" data-e-type=\"container\" data-settings=\"{&quot;background_background&quot;:&quot;classic&quot;}\">\n\t\t\t\t\t<div class=\"e-con-inner\">\n\t\t\t\t<div class=\"elementor-element elementor-element-329d9b5 elementor-invisible elementor-widget elementor-widget-heading\" data-id=\"329d9b5\" data-element_type=\"widget\" data-e-type=\"widget\" data-settings=\"{&quot;_animation&quot;:&quot;fadeInDown&quot;}\" data-widget_type=\"heading.default\">\n\t\t\t\t<div class=\"elementor-widget-container\">\n\t\t\t\t\t<h2 class=\"elementor-heading-title elementor-size-default\">Qui sommes-nous ? <\/h2>\t\t\t\t<\/div>\n\t\t\t\t<\/div>\n\t\t\t\t\t<\/div>\n\t\t\t\t<\/div>\n\t\t<div class=\"elementor-element elementor-element-27cf3e9 e-con-full e-flex e-con e-parent\" data-id=\"27cf3e9\" data-element_type=\"container\" data-e-type=\"container\" data-settings=\"{&quot;background_background&quot;:&quot;classic&quot;}\">\n\t\t\t\t<div class=\"elementor-element elementor-element-1b9d590 premium-floating-effects-yes elementor-widget elementor-widget-heading\" data-id=\"1b9d590\" data-element_type=\"widget\" data-e-type=\"widget\" data-settings=\"{&quot;premium_fe_easing&quot;:&quot;easeInOutCirc&quot;,&quot;_animation&quot;:&quot;none&quot;,&quot;premium_fe_trigger&quot;:&quot;load&quot;,&quot;premium_fe_direction&quot;:&quot;alternate&quot;,&quot;premium_fe_loop&quot;:&quot;default&quot;}\" data-widget_type=\"heading.default\">\n\t\t\t\t<div class=\"elementor-widget-container\">\n\t\t\t\t\t<h2 class=\"elementor-heading-title elementor-size-default\">Notre professeur<\/h2>\t\t\t\t<\/div>\n\t\t\t\t<\/div>\n\t\t\t\t<\/div>\n\t\t<div class=\"elementor-element elementor-element-94e261b e-flex e-con-boxed e-con e-parent\" data-id=\"94e261b\" data-element_type=\"container\" data-e-type=\"container\">\n\t\t\t\t\t<div class=\"e-con-inner\">\n\t\t<div class=\"elementor-element elementor-element-a09b8d5 e-con-full e-flex e-con e-child\" data-id=\"a09b8d5\" data-element_type=\"container\" data-e-type=\"container\">\n\t\t\t\t<div class=\"elementor-element elementor-element-6b8faa5 elementor-widget elementor-widget-image\" data-id=\"6b8faa5\" data-element_type=\"widget\" data-e-type=\"widget\" data-widget_type=\"image.default\">\n\t\t\t\t<div class=\"elementor-widget-container\">\n\t\t\t\t\t\t\t\t\t\t\t\t\t\t\t<img fetchpriority=\"high\" decoding=\"async\" width=\"1752\" height=\"2560\" src=\"https:\/\/dojosaintgermanais.fr\/wp-content\/uploads\/2024\/05\/Stephane-MALGORN-scaled.webp\" class=\"attachment-full size-full wp-image-561\" alt=\"\" srcset=\"https:\/\/dojosaintgermanais.fr\/wp-content\/uploads\/2024\/05\/Stephane-MALGORN-scaled.webp 1752w, https:\/\/dojosaintgermanais.fr\/wp-content\/uploads\/2024\/05\/Stephane-MALGORN-205x300.webp 205w, https:\/\/dojosaintgermanais.fr\/wp-content\/uploads\/2024\/05\/Stephane-MALGORN-701x1024.webp 701w, https:\/\/dojosaintgermanais.fr\/wp-content\/uploads\/2024\/05\/Stephane-MALGORN-768x1122.webp 768w, https:\/\/dojosaintgermanais.fr\/wp-content\/uploads\/2024\/05\/Stephane-MALGORN-1051x1536.webp 1051w, https:\/\/dojosaintgermanais.fr\/wp-content\/uploads\/2024\/05\/Stephane-MALGORN-1401x2048.webp 1401w\" sizes=\"(max-width: 1752px) 100vw, 1752px\" \/>\t\t\t\t\t\t\t\t\t\t\t\t\t\t\t<\/div>\n\t\t\t\t<\/div>\n\t\t\t\t<\/div>\n\t\t<div class=\"elementor-element elementor-element-f24e63c e-con-full e-flex e-con e-child\" data-id=\"f24e63c\" data-element_type=\"container\" data-e-type=\"container\">\n\t\t\t\t<div class=\"elementor-element elementor-element-7a0fcb6 elementor-widget elementor-widget-text-editor\" data-id=\"7a0fcb6\" data-element_type=\"widget\" data-e-type=\"widget\" data-widget_type=\"text-editor.default\">\n\t\t\t\t<div class=\"elementor-widget-container\">\n\t\t\t\t\t\t\t\t\t<p>Judoka depuis ses 7 ans, St\u00e9phane MALGORN est un passionn\u00e9 de Judo et d\u2019enseignement. Il obtient son Brevet d\u2019Etat en 2010, son DEJEPS en 2013 et enseigne depuis lors dans plusieurs associations, mais aussi dans des \u00e9tablissements sp\u00e9cialis\u00e9s tels que l\u2019IME de Lussac.<\/p><p>Actuellement 4e Dan, il met un point d\u2019honneur \u00e0 se former en continu pour apporter un savoir toujours plus pointu \u00e0 ses \u00e9l\u00e8ves. Int\u00e9ress\u00e9 notamment par la pratique du Judo au sol, le Ne-Waza, il pratique depuis 4 ans le Jujitsu br\u00e9silien pour parfaire ses comp\u00e9tences dans ce domaine. il est actuellement ceinture violette.<\/p><p>Pour \u00e9largir son champ d\u2019action, il ach\u00e8ve en 2023, deux modules de formation suppl\u00e9mentaires : un sur le Taiso Sport-Sant\u00e9, afin d\u2019\u00eatre r\u00e9f\u00e9renc\u00e9 aupr\u00e8s de l\u2019ARS, dans le but de proposer des cours adapt\u00e9s aux personnes atteintes de pathologies telles que la maladie de Parkinson ou des pathologies cardiaques entre autres.<br \/>Un second module li\u00e9 \u00e0 la Self-Defense en milieu professionnel lui permettra rapidement d\u2019intervenir comme formateur aupr\u00e8s de diff\u00e9rents corps de m\u00e9tier comme les pompiers, le personnel hospitalier par exemple. Des m\u00e9tiers de plus en plus soumis \u00e0 la violence.<\/p><p>St\u00e9phane est un professeur rigoureux et g\u00e9n\u00e9reux qui s\u2019ait s\u2019adapter \u00e0 tous les \u00e2ges et tous les niveaux. Il met un point d\u2019honneur \u00e0 appliquer les valeurs du Judo et sait mettre en confiance chacun de ses \u00e9l\u00e8ves.<\/p>\t\t\t\t\t\t\t\t<\/div>\n\t\t\t\t<\/div>\n\t\t\t\t<\/div>\n\t\t\t\t\t<\/div>\n\t\t\t\t<\/div>\n\t\t<div class=\"elementor-element elementor-element-02ab098 e-con-full e-flex e-con e-parent\" data-id=\"02ab098\" data-element_type=\"container\" data-e-type=\"container\" data-settings=\"{&quot;background_background&quot;:&quot;classic&quot;}\">\n\t\t\t\t<div class=\"elementor-element elementor-element-dc24c2a premium-floating-effects-yes elementor-invisible elementor-widget elementor-widget-heading\" data-id=\"dc24c2a\" data-element_type=\"widget\" data-e-type=\"widget\" data-settings=\"{&quot;premium_fe_easing&quot;:&quot;easeInOutCirc&quot;,&quot;_animation&quot;:&quot;zoomIn&quot;,&quot;premium_fe_trigger&quot;:&quot;load&quot;,&quot;premium_fe_direction&quot;:&quot;alternate&quot;,&quot;premium_fe_loop&quot;:&quot;default&quot;}\" data-widget_type=\"heading.default\">\n\t\t\t\t<div class=\"elementor-widget-container\">\n\t\t\t\t\t<h2 class=\"elementor-heading-title elementor-size-default\">Le Dojo en quelques chiffres<\/h2>\t\t\t\t<\/div>\n\t\t\t\t<\/div>\n\t\t\t\t<\/div>\n\t\t<div class=\"elementor-element elementor-element-fa31f34 e-flex e-con-boxed e-con e-parent\" data-id=\"fa31f34\" data-element_type=\"container\" data-e-type=\"container\">\n\t\t\t\t\t<div class=\"e-con-inner\">\n\t\t<div class=\"elementor-element elementor-element-a6f8acc e-con-full e-flex e-con e-child\" data-id=\"a6f8acc\" data-element_type=\"container\" data-e-type=\"container\">\n\t\t\t\t<div class=\"elementor-element elementor-element-c916715 elementor-widget elementor-widget-image\" data-id=\"c916715\" data-element_type=\"widget\" data-e-type=\"widget\" data-widget_type=\"image.default\">\n\t\t\t\t<div class=\"elementor-widget-container\">\n\t\t\t\t\t\t\t\t\t\t\t\t\t\t\t<img decoding=\"async\" width=\"2000\" height=\"1200\" src=\"https:\/\/dojosaintgermanais.fr\/wp-content\/uploads\/2023\/12\/cropped-nouveau-dojo.jpg\" class=\"attachment-full size-full wp-image-109\" alt=\"\" srcset=\"https:\/\/dojosaintgermanais.fr\/wp-content\/uploads\/2023\/12\/cropped-nouveau-dojo.jpg 2000w, https:\/\/dojosaintgermanais.fr\/wp-content\/uploads\/2023\/12\/cropped-nouveau-dojo-300x180.jpg 300w, https:\/\/dojosaintgermanais.fr\/wp-content\/uploads\/2023\/12\/cropped-nouveau-dojo-1024x614.jpg 1024w, https:\/\/dojosaintgermanais.fr\/wp-content\/uploads\/2023\/12\/cropped-nouveau-dojo-768x461.jpg 768w, https:\/\/dojosaintgermanais.fr\/wp-content\/uploads\/2023\/12\/cropped-nouveau-dojo-1536x922.jpg 1536w\" sizes=\"(max-width: 2000px) 100vw, 2000px\" \/>\t\t\t\t\t\t\t\t\t\t\t\t\t\t\t<\/div>\n\t\t\t\t<\/div>\n\t\t\t\t<\/div>\n\t\t<div class=\"elementor-element elementor-element-48496fb e-con-full e-flex e-con e-child\" data-id=\"48496fb\" data-element_type=\"container\" data-e-type=\"container\">\n\t\t<div class=\"elementor-element elementor-element-25eee1e e-flex e-con-boxed e-con e-child\" data-id=\"25eee1e\" data-element_type=\"container\" data-e-type=\"container\">\n\t\t\t\t\t<div class=\"e-con-inner\">\n\t\t\t\t<div class=\"elementor-element elementor-element-6b0abaa elementor-widget elementor-widget-counter\" data-id=\"6b0abaa\" data-element_type=\"widget\" data-e-type=\"widget\" data-widget_type=\"counter.default\">\n\t\t\t\t<div class=\"elementor-widget-container\">\n\t\t\t\t\t\t\t<div class=\"elementor-counter\">\n\t\t\t<div class=\"elementor-counter-title\">m2 de surface<\/div>\t\t\t<div class=\"elementor-counter-number-wrapper\">\n\t\t\t\t<span class=\"elementor-counter-number-prefix\"><\/span>\n\t\t\t\t<span class=\"elementor-counter-number\" data-duration=\"2000\" data-to-value=\"531\" data-from-value=\"0\" data-delimiter=\" \">0<\/span>\n\t\t\t\t<span class=\"elementor-counter-number-suffix\"><\/span>\n\t\t\t<\/div>\n\t\t<\/div>\n\t\t\t\t\t\t<\/div>\n\t\t\t\t<\/div>\n\t\t\t\t<div class=\"elementor-element elementor-element-3c08965 elementor-widget elementor-widget-counter\" data-id=\"3c08965\" data-element_type=\"widget\" data-e-type=\"widget\" data-widget_type=\"counter.default\">\n\t\t\t\t<div class=\"elementor-widget-container\">\n\t\t\t\t\t\t\t<div class=\"elementor-counter\">\n\t\t\t<div class=\"elementor-counter-title\">m2 de tatami<\/div>\t\t\t<div class=\"elementor-counter-number-wrapper\">\n\t\t\t\t<span class=\"elementor-counter-number-prefix\"><\/span>\n\t\t\t\t<span class=\"elementor-counter-number\" data-duration=\"2000\" data-to-value=\"200\" data-from-value=\"0\" data-delimiter=\" \">0<\/span>\n\t\t\t\t<span class=\"elementor-counter-number-suffix\"><\/span>\n\t\t\t<\/div>\n\t\t<\/div>\n\t\t\t\t\t\t<\/div>\n\t\t\t\t<\/div>\n\t\t\t\t<div class=\"elementor-element elementor-element-bb6932c elementor-widget elementor-widget-counter\" data-id=\"bb6932c\" data-element_type=\"widget\" data-e-type=\"widget\" data-widget_type=\"counter.default\">\n\t\t\t\t<div class=\"elementor-widget-container\">\n\t\t\t\t\t\t\t<div class=\"elementor-counter\">\n\t\t\t<div class=\"elementor-counter-title\">Adh\u00e9rents<\/div>\t\t\t<div class=\"elementor-counter-number-wrapper\">\n\t\t\t\t<span class=\"elementor-counter-number-prefix\"><\/span>\n\t\t\t\t<span class=\"elementor-counter-number\" data-duration=\"2000\" data-to-value=\"97\" data-from-value=\"0\" data-delimiter=\" \">0<\/span>\n\t\t\t\t<span class=\"elementor-counter-number-suffix\"><\/span>\n\t\t\t<\/div>\n\t\t<\/div>\n\t\t\t\t\t\t<\/div>\n\t\t\t\t<\/div>\n\t\t\t\t<div class=\"elementor-element elementor-element-e3b71d5 elementor-widget elementor-widget-counter\" data-id=\"e3b71d5\" data-element_type=\"widget\" data-e-type=\"widget\" data-widget_type=\"counter.default\">\n\t\t\t\t<div class=\"elementor-widget-container\">\n\t\t\t\t\t\t\t<div class=\"elementor-counter\">\n\t\t\t<div class=\"elementor-counter-title\">Disciplines enseign\u00e9es<\/div>\t\t\t<div class=\"elementor-counter-number-wrapper\">\n\t\t\t\t<span class=\"elementor-counter-number-prefix\"><\/span>\n\t\t\t\t<span class=\"elementor-counter-number\" data-duration=\"2000\" data-to-value=\"3\" data-from-value=\"0\" data-delimiter=\" \">0<\/span>\n\t\t\t\t<span class=\"elementor-counter-number-suffix\"><\/span>\n\t\t\t<\/div>\n\t\t<\/div>\n\t\t\t\t\t\t<\/div>\n\t\t\t\t<\/div>\n\t\t\t\t\t<\/div>\n\t\t\t\t<\/div>\n\t\t\t\t<\/div>\n\t\t\t\t\t<\/div>\n\t\t\t\t<\/div>\n\t\t<div class=\"elementor-element elementor-element-b927c88 e-con-full e-flex e-con e-parent\" data-id=\"b927c88\" data-element_type=\"container\" data-e-type=\"container\" data-settings=\"{&quot;background_background&quot;:&quot;classic&quot;}\">\n\t\t\t\t<div class=\"elementor-element elementor-element-7a9699f premium-floating-effects-yes elementor-invisible elementor-widget elementor-widget-heading\" data-id=\"7a9699f\" data-element_type=\"widget\" data-e-type=\"widget\" data-settings=\"{&quot;premium_fe_easing&quot;:&quot;easeInOutCirc&quot;,&quot;_animation&quot;:&quot;zoomIn&quot;,&quot;premium_fe_trigger&quot;:&quot;load&quot;,&quot;premium_fe_direction&quot;:&quot;alternate&quot;,&quot;premium_fe_loop&quot;:&quot;default&quot;}\" data-widget_type=\"heading.default\">\n\t\t\t\t<div class=\"elementor-widget-container\">\n\t\t\t\t\t<h2 class=\"elementor-heading-title elementor-size-default\">Bureau et C.A<\/h2>\t\t\t\t<\/div>\n\t\t\t\t<\/div>\n\t\t\t\t<\/div>\n\t\t<div class=\"elementor-element elementor-element-20be387 e-flex e-con-boxed e-con e-parent\" data-id=\"20be387\" data-element_type=\"container\" data-e-type=\"container\">\n\t\t\t\t\t<div class=\"e-con-inner\">\n\t\t\t\t<div class=\"elementor-element elementor-element-7d6edf4 elementor-widget elementor-widget-text-editor\" data-id=\"7d6edf4\" data-element_type=\"widget\" data-e-type=\"widget\" data-widget_type=\"text-editor.default\">\n\t\t\t\t<div class=\"elementor-widget-container\">\n\t\t\t\t\t\t\t\t\t<p>Le bureau notre association se compose de plusieurs b\u00e9n\u00e9voles qui font vivre le club au quotidien, gr\u00e2ce \u00e0 leur engagement et leur dynamisme, dans un esprit familial et de convivialit\u00e9. <br \/>Le Bureau est compos\u00e9 de :<\/p><ul><li>Patrice VIALOR &#8211; Pr\u00e9sident<\/li><li>Baptiste PORRAS &#8211; Vice-Pr\u00e9sident<\/li><li>Isabelle PORRAS &#8211; Tr\u00e9sori\u00e8re<\/li><li>Christine HENRY &#8211; Secr\u00e9taire<\/li><li>G\u00e9rard HENRY &#8211; Membre du Conseil d&rsquo;Administration<\/li><\/ul>\t\t\t\t\t\t\t\t<\/div>\n\t\t\t\t<\/div>\n\t\t\t\t\t<\/div>\n\t\t\t\t<\/div>\n\t\t\t\t<\/div>\n\t\t","protected":false},"excerpt":{"rendered":"<p>Qui sommes-nous ? Notre professeur Judoka depuis ses 7 ans, St\u00e9phane MALGORN est un passionn\u00e9 de Judo et d\u2019enseignement. Il obtient son Brevet d\u2019Etat en 2010, son DEJEPS en 2013 et enseigne depuis lors dans plusieurs associations, mais aussi dans des \u00e9tablissements sp\u00e9cialis\u00e9s tels que l\u2019IME de Lussac. Actuellement 4e Dan, il met un point [&hellip;]<\/p>\n","protected":false},"author":1,"featured_media":0,"parent":0,"menu_order":0,"comment_status":"closed","ping_status":"closed","template":"elementor_header_footer","meta":{"ocean_post_layout":"","ocean_both_sidebars_style":"","ocean_both_sidebars_content_width":0,"ocean_both_sidebars_sidebars_width":0,"ocean_sidebar":"","ocean_second_sidebar":"","ocean_disable_margins":"enable","ocean_add_body_class":"","ocean_shortcode_before_top_bar":"","ocean_shortcode_after_top_bar":"","ocean_shortcode_before_header":"","ocean_shortcode_after_header":"","ocean_has_shortcode":"","ocean_shortcode_after_title":"","ocean_shortcode_before_footer_widgets":"","ocean_shortcode_after_footer_widgets":"","ocean_shortcode_before_footer_bottom":"","ocean_shortcode_after_footer_bottom":"","ocean_display_top_bar":"default","ocean_display_header":"default","ocean_header_style":"","ocean_center_header_left_menu":"","ocean_custom_header_template":"","ocean_custom_logo":0,"ocean_custom_retina_logo":0,"ocean_custom_logo_max_width":0,"ocean_custom_logo_tablet_max_width":0,"ocean_custom_logo_mobile_max_width":0,"ocean_custom_logo_max_height":0,"ocean_custom_logo_tablet_max_height":0,"ocean_custom_logo_mobile_max_height":0,"ocean_header_custom_menu":"","ocean_menu_typo_font_family":"","ocean_menu_typo_font_subset":"","ocean_menu_typo_font_size":0,"ocean_menu_typo_font_size_tablet":0,"ocean_menu_typo_font_size_mobile":0,"ocean_menu_typo_font_size_unit":"px","ocean_menu_typo_font_weight":"","ocean_menu_typo_font_weight_tablet":"","ocean_menu_typo_font_weight_mobile":"","ocean_menu_typo_transform":"","ocean_menu_typo_transform_tablet":"","ocean_menu_typo_transform_mobile":"","ocean_menu_typo_line_height":0,"ocean_menu_typo_line_height_tablet":0,"ocean_menu_typo_line_height_mobile":0,"ocean_menu_typo_line_height_unit":"","ocean_menu_typo_spacing":0,"ocean_menu_typo_spacing_tablet":0,"ocean_menu_typo_spacing_mobile":0,"ocean_menu_typo_spacing_unit":"","ocean_menu_link_color":"","ocean_menu_link_color_hover":"","ocean_menu_link_color_active":"","ocean_menu_link_background":"","ocean_menu_link_hover_background":"","ocean_menu_link_active_background":"","ocean_menu_social_links_bg":"","ocean_menu_social_hover_links_bg":"","ocean_menu_social_links_color":"","ocean_menu_social_hover_links_color":"","ocean_disable_title":"default","ocean_disable_heading":"default","ocean_post_title":"","ocean_post_subheading":"","ocean_post_title_style":"","ocean_post_title_background_color":"","ocean_post_title_background":0,"ocean_post_title_bg_image_position":"","ocean_post_title_bg_image_attachment":"","ocean_post_title_bg_image_repeat":"","ocean_post_title_bg_image_size":"","ocean_post_title_height":0,"ocean_post_title_bg_overlay":0.5,"ocean_post_title_bg_overlay_color":"","ocean_disable_breadcrumbs":"default","ocean_breadcrumbs_color":"","ocean_breadcrumbs_separator_color":"","ocean_breadcrumbs_links_color":"","ocean_breadcrumbs_links_hover_color":"","ocean_display_footer_widgets":"default","ocean_display_footer_bottom":"default","ocean_custom_footer_template":"","footnotes":""},"class_list":["post-556","page","type-page","status-publish","hentry","entry"],"_links":{"self":[{"href":"https:\/\/dojosaintgermanais.fr\/index.php\/wp-json\/wp\/v2\/pages\/556","targetHints":{"allow":["GET"]}}],"collection":[{"href":"https:\/\/dojosaintgermanais.fr\/index.php\/wp-json\/wp\/v2\/pages"}],"about":[{"href":"https:\/\/dojosaintgermanais.fr\/index.php\/wp-json\/wp\/v2\/types\/page"}],"author":[{"embeddable":true,"href":"https:\/\/dojosaintgermanais.fr\/index.php\/wp-json\/wp\/v2\/users\/1"}],"replies":[{"embeddable":true,"href":"https:\/\/dojosaintgermanais.fr\/index.php\/wp-json\/wp\/v2\/comments?post=556"}],"version-history":[{"count":53,"href":"https:\/\/dojosaintgermanais.fr\/index.php\/wp-json\/wp\/v2\/pages\/556\/revisions"}],"predecessor-version":[{"id":1919,"href":"https:\/\/dojosaintgermanais.fr\/index.php\/wp-json\/wp\/v2\/pages\/556\/revisions\/1919"}],"wp:attachment":[{"href":"https:\/\/dojosaintgermanais.fr\/index.php\/wp-json\/wp\/v2\/media?parent=556"}],"curies":[{"name":"wp","href":"https:\/\/api.w.org\/{rel}","templated":true}]}}